{"id":211,"date":"2016-01-04T14:54:22","date_gmt":"2016-01-04T13:54:22","guid":{"rendered":"http:\/\/www.ibewert.de\/?page_id=211"},"modified":"2020-01-24T16:31:47","modified_gmt":"2020-01-24T15:31:47","slug":"energieberatung","status":"publish","type":"page","link":"https:\/\/www.ibewert.de\/index.php\/energieberatung\/","title":{"rendered":"Energieberatung"},"content":{"rendered":"[vc_row typography_style=&#8220;white&#8220; center_row=&#8220;yes&#8220; min_height=&#8220;400px&#8220; css=&#8220;.vc_custom_1579879905642{margin-bottom: 80px !important;padding-top: 150px !important;padding-bottom: 50px !important;background-image: url(https:\/\/www.ibewert.de\/wp-content\/uploads\/2015\/05\/ibw-bg.jpg?id=129) !important;background-position: center !important;background-repeat: no-repeat !important;background-size: cover !important;}&#8220;][vc_column width=&#8220;2\/3&#8243;]<h1 class=\"vcex-heading vcex-module wpex-text-2xl wpex-font-normal wpex-m-auto wpex-max-w-100 vcex-heading-plain wpex-block\" style=\"color:#ffffff;font-size:48px;font-weight:200;\"><span class=\"vcex-heading-inner wpex-inline-block wpex-clr\">Energieberatung<\/span><\/h1>[vc_empty_space height=&#8220;20px&#8220;][vc_column_text]\n<h2>Bauen oder Sanieren Sie Ihr Objekt so\u00a0energieeffizient wie m\u00f6glich. Wir unterst\u00fctzen Sie hierbei mit fachkundierger Energieberatung in jeder Projektphase und bringen so jahrelange Erfahrung in Ihr Vorhaben ein.<\/h2>\n[\/vc_column_text][\/vc_column][vc_column width=&#8220;1\/3&#8243;][\/vc_column][\/vc_row][vc_row center_row=&#8220;yes&#8220; css=&#8220;.vc_custom_1451917271934{margin-top: 50px !important;margin-bottom: 80px !important;}&#8220;][vc_column width=&#8220;1\/2&#8243;][vc_column_text]\n<div>\n<h3>Bestandsgeb\u00e4ude ben\u00f6tigen in der Regel zu viel Heizenergie. Deshalb sollten Sie bei anstehenden Renovierungen an die energetische Verbesserung Ihres Geb\u00e4udes denken.\u00a0Das gilt f\u00fcr die Erneuerung der Heizung, der Fenster oder der W\u00e4rmed\u00e4mmung der Fassade, des Daches oder der Kellerdecke gleicherma\u00dfen. Energieberatung von IBEWert \u2013 kompetent und unabh\u00e4ngig.<\/h3>\n<\/div>\n[\/vc_column_text][\/vc_column][vc_column width=&#8220;1\/2&#8243;][vc_column_text]\n<h3>Energieberatung\u00a0von IBEWert:<\/h3>\n<div>\n<p>IBEWert ber\u00e4t sie nach den Richtlinien der \u201eVor Ort Beratung\u201c des Bundes, \u00fcber die M\u00f6glichkeiten der Geb\u00e4udesanierung und Heizkostenersparnis. Diese Beratung wird vom Bafa unterst\u00fctzt.<\/p>\n<p>Dar\u00fcber hinaus geben wir Ihnen gerne Auskunft\u00a0\u00fcber F\u00f6rdermittel und m\u00f6gliche Finanzierungen z.B. aus den Programmen der KfW F\u00f6rderbank. Sprechen Sie uns an!<\/p>\n<\/div>\n[\/vc_column_text][\/vc_column][\/vc_row][vc_row center_row=&#8220;yes&#8220; css=&#8220;.vc_custom_1451917031780{padding-top: 50px !important;padding-bottom: 50px !important;background-color: #ffffcb !important;}&#8220;][vc_column][vc_single_image image=&#8220;214&#8243; alignment=&#8220;center&#8220;][\/vc_column][\/vc_row]\n","protected":false},"excerpt":{"rendered":"<p>[vc_row typography_style=&#8220;white&#8220; center_row=&#8220;yes&#8220; min_height=&#8220;400px&#8220; css=&#8220;.vc_custom_1579879905642{margin-bottom: 80px !important;padding-top: 150px !important;padding-bottom: 50px !important;background-image: url(https:\/\/www.ibewert.de\/wp-content\/uploads\/2015\/05\/ibw-bg.jpg?id=129) !important;background-position: center !important;background-repeat: no-repeat !important;background-size: cover !important;}&#8220;][vc_column width=&#8220;2\/3&#8243;][vc_empty_space height=&#8220;20px&#8220;][vc_column_text] Bauen oder Sanieren Sie Ihr Objekt so\u00a0energieeffizient wie m\u00f6glich. Wir unterst\u00fctzen Sie hierbei mit fachkundierger Energieberatung in jeder Projektphase und bringen so jahrelange Erfahrung in Ihr Vorhaben ein. [\/vc_column_text][\/vc_column][vc_column width=&#8220;1\/3&#8243;][\/vc_column][\/vc_row][vc_row center_row=&#8220;yes&#8220; css=&#8220;.vc_custom_1451917271934{margin-top: 50px !important;margin-bottom:&hellip;<\/p>\n","protected":false},"author":1,"featured_media":0,"parent":0,"menu_order":0,"comment_status":"closed","ping_status":"closed","template":"","meta":[],"_links":{"self":[{"href":"https:\/\/www.ibewert.de\/index.php\/wp-json\/wp\/v2\/pages\/211"}],"collection":[{"href":"https:\/\/www.ibewert.de\/index.php\/wp-json\/wp\/v2\/pages"}],"about":[{"href":"https:\/\/www.ibewert.de\/index.php\/wp-json\/wp\/v2\/types\/page"}],"author":[{"embeddable":true,"href":"https:\/\/www.ibewert.de\/index.php\/wp-json\/wp\/v2\/users\/1"}],"replies":[{"embeddable":true,"href":"https:\/\/www.ibewert.de\/index.php\/wp-json\/wp\/v2\/comments?post=211"}],"version-history":[{"count":8,"href":"https:\/\/www.ibewert.de\/index.php\/wp-json\/wp\/v2\/pages\/211\/revisions"}],"predecessor-version":[{"id":260,"href":"https:\/\/www.ibewert.de\/index.php\/wp-json\/wp\/v2\/pages\/211\/revisions\/260"}],"wp:attachment":[{"href":"https:\/\/www.ibewert.de\/index.php\/wp-json\/wp\/v2\/media?parent=211"}],"curies":[{"name":"wp","href":"https:\/\/api.w.org\/{rel}","templated":true}]}}