{"id":156,"date":"2016-01-03T17:52:53","date_gmt":"2016-01-03T16:52:53","guid":{"rendered":"http:\/\/www.ibewert.de\/?page_id=156"},"modified":"2020-01-24T16:32:28","modified_gmt":"2020-01-24T15:32:28","slug":"thermografie","status":"publish","type":"page","link":"https:\/\/www.ibewert.de\/index.php\/thermografie\/","title":{"rendered":"Thermografie"},"content":{"rendered":"[vc_row typography_style=&#8220;white&#8220; center_row=&#8220;yes&#8220; min_height=&#8220;400px&#8220; css=&#8220;.vc_custom_1579879947000{margin-bottom: 80px !important;padding-top: 150px !important;padding-bottom: 50px !important;background-image: url(https:\/\/www.ibewert.de\/wp-content\/uploads\/2015\/05\/ibw-bg.jpg?id=129) !important;background-position: center !important;background-repeat: no-repeat !important;background-size: cover !important;}&#8220;][vc_column width=&#8220;2\/3&#8243;]<h1 class=\"vcex-heading vcex-module wpex-text-2xl wpex-font-normal wpex-m-auto wpex-max-w-100 vcex-heading-plain wpex-block\" style=\"color:#ffffff;font-size:48px;font-weight:200;\"><span class=\"vcex-heading-inner wpex-inline-block wpex-clr\">Thermografie<\/span><\/h1>[vc_empty_space height=&#8220;20px&#8220;][vc_column_text]\n<h2>Die Thermografie nutzt die Tatsache, dass alle Gegenst\u00e4nde W\u00e4rmestrahlung abgeben. Mit Hilfe einer Infrarotkamera erfassen wir diese unsichtbare W\u00e4rmestrahlung und stellen sie in einem Infrarotbild dar. So\u00a0machen wir die Schw\u00e4chen Ihres Geb\u00e4udes sichtbar.<\/h2>\n[\/vc_column_text][\/vc_column][vc_column width=&#8220;1\/3&#8243;][\/vc_column][\/vc_row][vc_row center_row=&#8220;yes&#8220;][vc_column width=&#8220;1\/2&#8243;][vc_column_text]\n<div>\n<h3>In Deutschland werden rund 30 Prozent des deutschen Endenergiebedarfs f\u00fcr die Beheizung von Geb\u00e4uden verwendet. Heizenergie bietet somit einen gro\u00dfen Hebel zur Absenkung des Endenergiebedarfs. H\u00e4ufig k\u00f6nnen auch ohne Komplettsanierung der Geb\u00e4udeh\u00fclle deutliche Effizienzgewinne durch gezielte Beseitigung von Schwachstellen im Geb\u00e4udew\u00e4rmeschutz erzielt werden.<\/h3>\n<\/div>\n<div>\n<h3>Da nur im Winter ideale Bedingungen f\u00fcr die Thermografie vorliegen, ist der Realisierungszeitpunkt somit saisonal begrenzt.<\/h3>\n<h3><\/h3>\n<\/div>\n[\/vc_column_text][\/vc_column][vc_column width=&#8220;1\/2&#8243;][vc_column_text]\n<h3>Leistungsmerkmale der Thermografie von IBEWert:<\/h3>\n<p>IBEWert\u00a0unterst\u00fctzt die Kommune bzw. ihre B\u00fcrger bei der Energieeinsparung und stellt einen ausf\u00fchrlichen Bericht ihres Geb\u00e4udes mit aussagekr\u00e4ftigem Bildmaterial, entsprechenden Kommentaren und Handlungsempfehlungen zur Verf\u00fcgung.[\/vc_column_text][vc_empty_space height=&#8220;20px&#8220;][vc_column_text]\n<h3>Vorteile der IBEWert Thermografie f\u00fcr Kommunen:<\/h3>\n<ul>\n<li>Beitrag zum Klimaschutz<\/li>\n<li>Positive Wahrnehmung in der \u00d6ffentlichkeit<\/li>\n<li>Mobilisierung und Sensibilisierung der B\u00fcrger f\u00fcr das Thema Energieeinsparung<\/li>\n<li>Geringer finanzieller Aufwand f\u00fcr die Kommune<\/li>\n<\/ul>\n[\/vc_column_text][\/vc_column][\/vc_row]\n","protected":false},"excerpt":{"rendered":"<p>[vc_row typography_style=&#8220;white&#8220; center_row=&#8220;yes&#8220; min_height=&#8220;400px&#8220; css=&#8220;.vc_custom_1579879947000{margin-bottom: 80px !important;padding-top: 150px !important;padding-bottom: 50px !important;background-image: url(https:\/\/www.ibewert.de\/wp-content\/uploads\/2015\/05\/ibw-bg.jpg?id=129) !important;background-position: center !important;background-repeat: no-repeat !important;background-size: cover !important;}&#8220;][vc_column width=&#8220;2\/3&#8243;][vc_empty_space height=&#8220;20px&#8220;][vc_column_text] Die Thermografie nutzt die Tatsache, dass alle Gegenst\u00e4nde W\u00e4rmestrahlung abgeben. Mit Hilfe einer Infrarotkamera erfassen wir diese unsichtbare W\u00e4rmestrahlung und stellen sie in einem Infrarotbild dar. So\u00a0machen wir die Schw\u00e4chen Ihres Geb\u00e4udes sichtbar. [\/vc_column_text][\/vc_column][vc_column&hellip;<\/p>\n","protected":false},"author":1,"featured_media":0,"parent":0,"menu_order":0,"comment_status":"closed","ping_status":"closed","template":"","meta":[],"_links":{"self":[{"href":"https:\/\/www.ibewert.de\/index.php\/wp-json\/wp\/v2\/pages\/156"}],"collection":[{"href":"https:\/\/www.ibewert.de\/index.php\/wp-json\/wp\/v2\/pages"}],"about":[{"href":"https:\/\/www.ibewert.de\/index.php\/wp-json\/wp\/v2\/types\/page"}],"author":[{"embeddable":true,"href":"https:\/\/www.ibewert.de\/index.php\/wp-json\/wp\/v2\/users\/1"}],"replies":[{"embeddable":true,"href":"https:\/\/www.ibewert.de\/index.php\/wp-json\/wp\/v2\/comments?post=156"}],"version-history":[{"count":46,"href":"https:\/\/www.ibewert.de\/index.php\/wp-json\/wp\/v2\/pages\/156\/revisions"}],"predecessor-version":[{"id":262,"href":"https:\/\/www.ibewert.de\/index.php\/wp-json\/wp\/v2\/pages\/156\/revisions\/262"}],"wp:attachment":[{"href":"https:\/\/www.ibewert.de\/index.php\/wp-json\/wp\/v2\/media?parent=156"}],"curies":[{"name":"wp","href":"https:\/\/api.w.org\/{rel}","templated":true}]}}