{"id":105,"date":"2015-05-30T21:50:29","date_gmt":"2015-05-30T19:50:29","guid":{"rendered":"http:\/\/totaltheme.wpengine.com\/samus\/?page_id=9"},"modified":"2020-01-24T16:29:10","modified_gmt":"2020-01-24T15:29:10","slug":"home","status":"publish","type":"page","link":"https:\/\/www.ibewert.de\/","title":{"rendered":"Home"},"content":{"rendered":"[vc_row column_spacing=&#8220;0px&#8220; typography_style=&#8220;white&#8220; center_row=&#8220;yes&#8220; css=&#8220;.vc_custom_1579879748962{padding-top: 130px !important;padding-bottom: 100px !important;background-image: url(https:\/\/www.ibewert.de\/wp-content\/uploads\/2015\/05\/ibw-bg.jpg?id=129) !important;background-position: center !important;background-repeat: no-repeat !important;background-size: cover !important;}&#8220;][vc_column width=&#8220;2\/3&#8243;]<h1 class=\"vcex-heading vcex-module wpex-text-2xl wpex-font-normal wpex-m-auto wpex-max-w-100 vcex-heading-plain wpex-block wpex-text-left\" style=\"color:#ffffff;font-size:46px;font-weight:200;\"><span class=\"vcex-heading-inner wpex-inline-block wpex-clr\">Willkommen bei IBEWert<\/span><\/h1>[vc_empty_space height=&#8220;20px&#8220;][vc_column_text]\n<h2>Ob Neubau oder Sanierung, wir sind Ihr kompetenter Ansprechpartner, wenn es um\u00a0Energieberatung, Immobilienbewertung, KFW-F\u00f6rderung und Thermografie geht.<\/h2>\n[\/vc_column_text][\/vc_column][vc_column width=&#8220;1\/3&#8243;][\/vc_column][\/vc_row][vc_row center_row=&#8220;yes&#8220; padding_top=&#8220;60px&#8220;][vc_column]<div class=\"vcex-heading vcex-module wpex-text-2xl wpex-font-normal wpex-m-auto wpex-max-w-100 vcex-heading-plain wpex-block wpex-text-center\" style=\"font-size:28px;\"><span class=\"vcex-heading-inner wpex-inline-block wpex-clr\">Unsere Leistungen im \u00dcberblick<\/span><\/div><div class=\"vcex-module vcex-divider vcex-divider-solid wpex-max-w-100 wpex-mx-auto wpex-block wpex-h-0 wpex-border-b wpex-border-solid wpex-border-main\" style=\"width:50px;margin-top:30px;margin-bottom:30px;border-bottom-width:2px;\"><\/div>[\/vc_column][\/vc_row][vc_row center_row=&#8220;yes&#8220; padding_bottom=&#8220;20px&#8220; padding_top=&#8220;20px&#8220;][vc_column width=&#8220;1\/3&#8243; css=&#8220;.vc_custom_1451823468642{padding-right: 20px !important;padding-left: 20px !important;}&#8220;]<div class=\"vcex-module vcex-icon-box vcex-icon-box-two wpex-relative wpex-text-center\"><div class=\"vcex-icon-box-symbol wpex-mb-20\" style=\"margin-bottom:25px;\"><div class=\"vcex-icon-box-icon wpex-inline-flex wpex-items-center wpex-justify-center wpex-child-inherit-color wpex-text-center wpex-leading-none wpex-text-1\" style=\"color:#04a9fb;font-size:40px;\"><span class=\"ticon ticon-plug\" aria-hidden=\"true\"><\/span><\/div><\/div><div class=\"vcex-icon-box-text\"><h2 class=\"vcex-icon-box-heading wpex-heading wpex-text-md wpex-mb-10\" style=\"font-weight:400;font-size:24px;\">Energieberatung<\/h2><div class=\"vcex-icon-box-content wpex-last-mb-0 wpex-clr\"><p>Energieberatung f\u00fcr Sanierungs- und Neubauprojekte. Sparen Sie mit guter Planung langfristig bares Geld!<\/p>\n<\/div><\/div><\/div>[\/vc_column][vc_column width=&#8220;1\/3&#8243; css=&#8220;.vc_custom_1451823477910{padding-right: 20px !important;padding-left: 20px !important;}&#8220;]<div class=\"vcex-module vcex-icon-box vcex-icon-box-two wpex-relative wpex-text-center\"><div class=\"vcex-icon-box-symbol wpex-mb-20\" style=\"margin-bottom:25px;\"><div class=\"vcex-icon-box-icon wpex-inline-flex wpex-items-center wpex-justify-center wpex-child-inherit-color wpex-text-center wpex-leading-none wpex-text-1\" style=\"color:#04a9fb;font-size:40px;\"><span class=\"ticon ticon-shield\" aria-hidden=\"true\"><\/span><\/div><\/div><div class=\"vcex-icon-box-text\"><h2 class=\"vcex-icon-box-heading wpex-heading wpex-text-md wpex-mb-10\" style=\"font-weight:400;font-size:24px;\">Energieausweise<\/h2><div class=\"vcex-icon-box-content wpex-last-mb-0 wpex-clr\"><p>Energieausweise f\u00fcr Wohngeb\u00e4ude und nach DIN V 18599 f\u00fcr Nichtwohngeb\u00e4ude (z.B. Hotel, Schule, B\u00fcrogeb\u00e4ude, Industrie usw.)<\/p>\n<\/div><\/div><\/div>[\/vc_column][vc_column width=&#8220;1\/3&#8243; css=&#8220;.vc_custom_1451823488182{padding-right: 20px !important;padding-left: 20px !important;}&#8220;]<div class=\"vcex-module vcex-icon-box vcex-icon-box-two wpex-relative wpex-text-center\"><div class=\"vcex-icon-box-symbol wpex-mb-20\" style=\"margin-bottom:25px;\"><div class=\"vcex-icon-box-icon wpex-inline-flex wpex-items-center wpex-justify-center wpex-child-inherit-color wpex-text-center wpex-leading-none wpex-text-1\" style=\"color:#04a9fb;font-size:40px;\"><span class=\"ticon ticon-eur\" aria-hidden=\"true\"><\/span><\/div><\/div><div class=\"vcex-icon-box-text\"><h2 class=\"vcex-icon-box-heading wpex-heading wpex-text-md wpex-mb-10\" style=\"font-weight:400;font-size:24px;\">KFW F\u00f6rderung<\/h2><div class=\"vcex-icon-box-content wpex-last-mb-0 wpex-clr\"><p>Beratung \u00fcber m\u00f6gliche F\u00f6rderprogramme der KFW f\u00fcr private und gewerbliche Sanierungs- und Neubauprojekte.<\/p>\n<\/div><\/div><\/div>[\/vc_column][\/vc_row][vc_row center_row=&#8220;yes&#8220; padding_bottom=&#8220;40px&#8220;][vc_column width=&#8220;1\/3&#8243; css=&#8220;.vc_custom_1451823509210{padding-right: 20px !important;padding-left: 20px !important;}&#8220;]<div class=\"vcex-module vcex-icon-box vcex-icon-box-two wpex-relative wpex-text-center\"><div class=\"vcex-icon-box-symbol wpex-mb-20\" style=\"margin-bottom:25px;\"><div class=\"vcex-icon-box-icon wpex-inline-flex wpex-items-center wpex-justify-center wpex-child-inherit-color wpex-text-center wpex-leading-none wpex-text-1\" style=\"color:#04a9fb;font-size:40px;\"><span class=\"ticon ticon-eur\" aria-hidden=\"true\"><\/span><\/div><\/div><div class=\"vcex-icon-box-text\"><h2 class=\"vcex-icon-box-heading wpex-heading wpex-text-md wpex-mb-10\" style=\"font-weight:400;font-size:24px;\">Immobilienbewertung<\/h2><div class=\"vcex-icon-box-content wpex-last-mb-0 wpex-clr\"><p>Verkehrswertgutachten f\u00fcr bebaute und unbebaute Grundst\u00fccke.<\/p>\n<\/div><\/div><\/div>[\/vc_column][vc_column width=&#8220;1\/3&#8243; css=&#8220;.vc_custom_1451823518016{padding-right: 20px !important;padding-left: 20px !important;}&#8220;]<div class=\"vcex-module vcex-icon-box vcex-icon-box-two wpex-relative wpex-text-center\"><div class=\"vcex-icon-box-symbol wpex-mb-20\" style=\"margin-bottom:25px;\"><div class=\"vcex-icon-box-icon wpex-inline-flex wpex-items-center wpex-justify-center wpex-child-inherit-color wpex-text-center wpex-leading-none wpex-text-1\" style=\"color:#04a9fb;font-size:40px;\"><span class=\"ticon ticon-calculator\" aria-hidden=\"true\"><\/span><\/div><\/div><div class=\"vcex-icon-box-text\"><h2 class=\"vcex-icon-box-heading wpex-heading wpex-text-md wpex-mb-10\" style=\"font-weight:400;font-size:24px;\">W\u00e4rmebr\u00fcckenberechnung<\/h2><div class=\"vcex-icon-box-content wpex-last-mb-0 wpex-clr\"><p>Wir berechnen\u00a0W\u00e4rmebr\u00fccken\u00a0f\u00fcr Altbau und Neubau (DIN EN ISO 10211).<\/p>\n<\/div><\/div><\/div>[\/vc_column][vc_column width=&#8220;1\/3&#8243; css=&#8220;.vc_custom_1451823529279{padding-right: 20px !important;padding-left: 20px !important;}&#8220;]<div class=\"vcex-module vcex-icon-box vcex-icon-box-two wpex-relative wpex-text-center\"><div class=\"vcex-icon-box-symbol wpex-mb-20\" style=\"margin-bottom:25px;\"><div class=\"vcex-icon-box-icon wpex-inline-flex wpex-items-center wpex-justify-center wpex-child-inherit-color wpex-text-center wpex-leading-none wpex-text-1\" style=\"color:#04a9fb;font-size:40px;\"><span class=\"ticon ticon-file-image-o\" aria-hidden=\"true\"><\/span><\/div><\/div><div class=\"vcex-icon-box-text\"><h2 class=\"vcex-icon-box-heading wpex-heading wpex-text-md wpex-mb-10\" style=\"font-weight:400;font-size:24px;\">Thermografie<\/h2><div class=\"vcex-icon-box-content wpex-last-mb-0 wpex-clr\"><p>Mit Thermografieaufnahmen identifizieren wir\u00a0Schwachstellen an der Geb\u00e4udeh\u00fclle, sogenannte W\u00e4rmebr\u00fccken.<\/p>\n<\/div><\/div><\/div>[\/vc_column][\/vc_row][vc_row center_row=&#8220;yes&#8220; padding_bottom=&#8220;40px&#8220;][vc_column width=&#8220;1\/3&#8243; css=&#8220;.vc_custom_1451823539504{padding-right: 20px !important;padding-left: 20px !important;}&#8220;]<div class=\"vcex-module vcex-icon-box vcex-icon-box-two wpex-relative wpex-text-center\"><div class=\"vcex-icon-box-symbol wpex-mb-20\" style=\"margin-bottom:25px;\"><div class=\"vcex-icon-box-icon wpex-inline-flex wpex-items-center wpex-justify-center wpex-child-inherit-color wpex-text-center wpex-leading-none wpex-text-1\" style=\"color:#04a9fb;font-size:40px;\"><span class=\"ticon ticon-random\" aria-hidden=\"true\"><\/span><\/div><\/div><div class=\"vcex-icon-box-text\"><h2 class=\"vcex-icon-box-heading wpex-heading wpex-text-md wpex-mb-10\" style=\"font-weight:400;font-size:24px;\">Blower-Door-Test<\/h2><div class=\"vcex-icon-box-content wpex-last-mb-0 wpex-clr\"><p>Messung der Luftdichtheit Ihres\u00a0Geb\u00e4udes mit\u00a0dem Differenzdruck-Messverfahren.<\/p>\n<\/div><\/div><\/div>[\/vc_column][vc_column width=&#8220;1\/3&#8243; css=&#8220;.vc_custom_1451823547289{padding-right: 20px !important;padding-left: 20px !important;}&#8220;][\/vc_column][vc_column width=&#8220;1\/3&#8243;][\/vc_column][\/vc_row]\n","protected":false},"excerpt":{"rendered":"<p>[vc_row column_spacing=&#8220;0px&#8220; typography_style=&#8220;white&#8220; center_row=&#8220;yes&#8220; css=&#8220;.vc_custom_1579879748962{padding-top: 130px !important;padding-bottom: 100px !important;background-image: url(https:\/\/www.ibewert.de\/wp-content\/uploads\/2015\/05\/ibw-bg.jpg?id=129) !important;background-position: center !important;background-repeat: no-repeat !important;background-size: cover !important;}&#8220;][vc_column width=&#8220;2\/3&#8243;][vc_empty_space height=&#8220;20px&#8220;][vc_column_text] Ob Neubau oder Sanierung, wir sind Ihr kompetenter Ansprechpartner, wenn es um\u00a0Energieberatung, Immobilienbewertung, KFW-F\u00f6rderung und Thermografie geht. [\/vc_column_text][\/vc_column][vc_column width=&#8220;1\/3&#8243;][\/vc_column][\/vc_row][vc_row center_row=&#8220;yes&#8220; padding_top=&#8220;60px&#8220;][vc_column][\/vc_column][\/vc_row][vc_row center_row=&#8220;yes&#8220; padding_bottom=&#8220;20px&#8220; padding_top=&#8220;20px&#8220;][vc_column width=&#8220;1\/3&#8243; css=&#8220;.vc_custom_1451823468642{padding-right: 20px !important;padding-left: 20px !important;}&#8220;][\/vc_column][vc_column width=&#8220;1\/3&#8243; css=&#8220;.vc_custom_1451823477910{padding-right: 20px !important;padding-left: 20px !important;}&#8220;][\/vc_column][vc_column&hellip;<\/p>\n","protected":false},"author":1,"featured_media":0,"parent":0,"menu_order":0,"comment_status":"closed","ping_status":"closed","template":"","meta":[],"_links":{"self":[{"href":"https:\/\/www.ibewert.de\/index.php\/wp-json\/wp\/v2\/pages\/105"}],"collection":[{"href":"https:\/\/www.ibewert.de\/index.php\/wp-json\/wp\/v2\/pages"}],"about":[{"href":"https:\/\/www.ibewert.de\/index.php\/wp-json\/wp\/v2\/types\/page"}],"author":[{"embeddable":true,"href":"https:\/\/www.ibewert.de\/index.php\/wp-json\/wp\/v2\/users\/1"}],"replies":[{"embeddable":true,"href":"https:\/\/www.ibewert.de\/index.php\/wp-json\/wp\/v2\/comments?post=105"}],"version-history":[{"count":30,"href":"https:\/\/www.ibewert.de\/index.php\/wp-json\/wp\/v2\/pages\/105\/revisions"}],"predecessor-version":[{"id":259,"href":"https:\/\/www.ibewert.de\/index.php\/wp-json\/wp\/v2\/pages\/105\/revisions\/259"}],"wp:attachment":[{"href":"https:\/\/www.ibewert.de\/index.php\/wp-json\/wp\/v2\/media?parent=105"}],"curies":[{"name":"wp","href":"https:\/\/api.w.org\/{rel}","templated":true}]}}